{"id":1710,"date":"2024-01-15T13:31:34","date_gmt":"2024-01-15T12:31:34","guid":{"rendered":"https:\/\/insosl.com\/?page_id=1710"},"modified":"2024-01-19T18:00:54","modified_gmt":"2024-01-19T17:00:54","slug":"sanidad-vegetal","status":"publish","type":"page","link":"http:\/\/insosl.com\/en\/sanidad-vegetal\/","title":{"rendered":"Sanidad Vegetal"},"content":{"rendered":"<style>.kb-row-layout-id1710_6dfc9e-71 > .kt-row-column-wrap{align-content:start;}:where(.kb-row-layout-id1710_6dfc9e-71 > .kt-row-column-wrap) > .wp-block-kadence-column{justify-content:start;}.kb-row-layout-id1710_6dfc9e-71 > .kt-row-column-wrap{column-gap:var(--global-kb-gap-md, 2rem);row-gap:var(--global-kb-gap-md, 2rem);padding-top:var(--global-kb-spacing-sm, 1.5rem);padding-bottom:var(--global-kb-spacing-sm, 1.5rem);grid-template-columns:repeat(2, minmax(0, 1fr));}.kb-row-layout-id1710_6dfc9e-71 > .kt-row-layout-overlay{opacity:0.30;}@media all and (max-width: 1024px){.kb-row-layout-id1710_6dfc9e-71 > .kt-row-column-wrap{grid-template-columns:repeat(2, minmax(0, 1fr));}}@media all and (max-width: 767px){.kb-row-layout-id1710_6dfc9e-71 > .kt-row-column-wrap{grid-template-columns:minmax(0, 1fr);}}<\/style><div class=\"kb-row-layout-wrap kb-row-layout-id1710_6dfc9e-71 alignnone wp-block-kadence-rowlayout\"><div class=\"kt-row-column-wrap kt-has-2-columns kt-row-layout-equal kt-tab-layout-inherit kt-mobile-layout-row kt-row-valign-top\">\n<style>.kadence-column1710_425982-d2 > .kt-inside-inner-col,.kadence-column1710_425982-d2 > .kt-inside-inner-col:before{border-top-left-radius:0px;border-top-right-radius:0px;border-bottom-right-radius:0px;border-bottom-left-radius:0px;}.kadence-column1710_425982-d2 > .kt-inside-inner-col{column-gap:var(--global-kb-gap-sm, 1rem);}.kadence-column1710_425982-d2 > .kt-inside-inner-col{flex-direction:column;}.kadence-column1710_425982-d2 > .kt-inside-inner-col > .aligncenter{width:100%;}.kadence-column1710_425982-d2 > .kt-inside-inner-col:before{opacity:0.3;}.kadence-column1710_425982-d2{position:relative;}@media all and (max-width: 1024px){.kadence-column1710_425982-d2 > .kt-inside-inner-col{flex-direction:column;}}@media all and (max-width: 767px){.kadence-column1710_425982-d2 > .kt-inside-inner-col{flex-direction:column;}}<\/style>\n<div class=\"wp-block-kadence-column kadence-column1710_425982-d2\"><div class=\"kt-inside-inner-col\"><style>.wp-block-kadence-advancedheading.kt-adv-heading1710_a9fd3b-2f, .wp-block-kadence-advancedheading.kt-adv-heading1710_a9fd3b-2f[data-kb-block=\"kb-adv-heading1710_a9fd3b-2f\"]{font-style:normal;}.wp-block-kadence-advancedheading.kt-adv-heading1710_a9fd3b-2f mark.kt-highlight, .wp-block-kadence-advancedheading.kt-adv-heading1710_a9fd3b-2f[data-kb-block=\"kb-adv-heading1710_a9fd3b-2f\"] mark.kt-highlight{font-style:normal;color:#f76a0c;-webkit-box-decoration-break:clone;box-decoration-break:clone;padding-top:0px;padding-right:0px;padding-bottom:0px;padding-left:0px;}<\/style>\n<h2 class=\"kt-adv-heading1710_a9fd3b-2f wp-block-kadence-advancedheading\" data-kb-block=\"kb-adv-heading1710_a9fd3b-2f\">Sanidad Vegetal<\/h2>\n\n\n\n<p>INSO est\u00e1 comprometido con la sanidad vegetal, ya que es<br>un pilar fundamental para la producci\u00f3n agr\u00edcola.<\/p>\n\n\n\n<p><br>Por ello, contamos con un amplio cat\u00e1logo de productos<br>eficaces, tanto para la defensa de los cultivos, como para<br>los da\u00f1os que amenazan la calidad y la seguridad de<br>nuestros alimentos, corrigiendo las deficiencias y<br>optimizando la producci\u00f3n.<\/p>\n<\/div><\/div>\n\n\n<style>.kadence-column1710_d204f0-3e > .kt-inside-inner-col,.kadence-column1710_d204f0-3e > .kt-inside-inner-col:before{border-top-left-radius:0px;border-top-right-radius:0px;border-bottom-right-radius:0px;border-bottom-left-radius:0px;}.kadence-column1710_d204f0-3e > .kt-inside-inner-col{column-gap:var(--global-kb-gap-sm, 1rem);}.kadence-column1710_d204f0-3e > .kt-inside-inner-col{flex-direction:column;}.kadence-column1710_d204f0-3e > .kt-inside-inner-col > .aligncenter{width:100%;}.kadence-column1710_d204f0-3e > .kt-inside-inner-col:before{opacity:0.3;}.kadence-column1710_d204f0-3e{position:relative;}@media all and (max-width: 1024px){.kadence-column1710_d204f0-3e > .kt-inside-inner-col{flex-direction:column;}}@media all and (max-width: 767px){.kadence-column1710_d204f0-3e > .kt-inside-inner-col{flex-direction:column;}}<\/style>\n<div class=\"wp-block-kadence-column kadence-column1710_d204f0-3e\"><div class=\"kt-inside-inner-col\"><style>.kb-image1710_02014e-7b .kb-image-has-overlay:after{opacity:0.3;}<\/style>\n<figure class=\"wp-block-kadence-image kb-image1710_02014e-7b size-large\"><img loading=\"lazy\" decoding=\"async\" width=\"1024\" height=\"682\" src=\"http:\/\/insosl.com\/wp-content\/uploads\/2024\/01\/sanidad-vegetal-retos-sociedad-aepla-1024x682.jpeg\" alt=\"\" class=\"kb-img wp-image-1732\" srcset=\"http:\/\/insosl.com\/wp-content\/uploads\/2024\/01\/sanidad-vegetal-retos-sociedad-aepla-1024x682.jpeg 1024w, http:\/\/insosl.com\/wp-content\/uploads\/2024\/01\/sanidad-vegetal-retos-sociedad-aepla-300x200.jpeg 300w, http:\/\/insosl.com\/wp-content\/uploads\/2024\/01\/sanidad-vegetal-retos-sociedad-aepla-768x511.jpeg 768w, http:\/\/insosl.com\/wp-content\/uploads\/2024\/01\/sanidad-vegetal-retos-sociedad-aepla-1536x1023.jpeg 1536w, http:\/\/insosl.com\/wp-content\/uploads\/2024\/01\/sanidad-vegetal-retos-sociedad-aepla.jpeg 1900w\" sizes=\"auto, (max-width: 1024px) 100vw, 1024px\" \/><\/figure>\n<\/div><\/div>\n\n<\/div><\/div>\n\n<style>.kb-row-layout-id1710_7f74b8-05 > .kt-row-column-wrap{align-content:start;}:where(.kb-row-layout-id1710_7f74b8-05 > .kt-row-column-wrap) > .wp-block-kadence-column{justify-content:start;}.kb-row-layout-id1710_7f74b8-05 > .kt-row-column-wrap{column-gap:var(--global-kb-gap-md, 2rem);row-gap:var(--global-kb-gap-md, 2rem);padding-top:var(--global-kb-spacing-sm, 1.5rem);padding-bottom:var(--global-kb-spacing-sm, 1.5rem);}.kb-row-layout-id1710_7f74b8-05 > .kt-row-column-wrap > div:not(.added-for-specificity){grid-column:initial;}.kb-row-layout-id1710_7f74b8-05 > .kt-row-column-wrap{grid-template-columns:repeat(3, minmax(0, 1fr));}.kb-row-layout-id1710_7f74b8-05 > .kt-row-layout-overlay{opacity:0.30;}@media all and (max-width: 1024px){.kb-row-layout-id1710_7f74b8-05 > .kt-row-column-wrap > div:not(.added-for-specificity){grid-column:initial;}}@media all and (max-width: 1024px){.kb-row-layout-id1710_7f74b8-05 > .kt-row-column-wrap{grid-template-columns:repeat(3, minmax(0, 1fr));}}@media all and (max-width: 767px){.kb-row-layout-id1710_7f74b8-05 > .kt-row-column-wrap > div:not(.added-for-specificity){grid-column:initial;}.kb-row-layout-id1710_7f74b8-05 > .kt-row-column-wrap{grid-template-columns:minmax(0, 1fr);}}<\/style><div class=\"kb-row-layout-wrap kb-row-layout-id1710_7f74b8-05 alignnone wp-block-kadence-rowlayout\"><div class=\"kt-row-column-wrap kt-has-3-columns kt-row-layout-equal kt-tab-layout-inherit kt-mobile-layout-row kt-row-valign-top\">\n<style>.kadence-column1710_c70d81-e7 > .kt-inside-inner-col,.kadence-column1710_c70d81-e7 > .kt-inside-inner-col:before{border-top-left-radius:0px;border-top-right-radius:0px;border-bottom-right-radius:0px;border-bottom-left-radius:0px;}.kadence-column1710_c70d81-e7 > .kt-inside-inner-col{column-gap:var(--global-kb-gap-sm, 1rem);}.kadence-column1710_c70d81-e7 > .kt-inside-inner-col{flex-direction:column;}.kadence-column1710_c70d81-e7 > .kt-inside-inner-col > .aligncenter{width:100%;}.kadence-column1710_c70d81-e7 > .kt-inside-inner-col:before{opacity:0.3;}.kadence-column1710_c70d81-e7{position:relative;}@media all and (max-width: 1024px){.kadence-column1710_c70d81-e7 > .kt-inside-inner-col{flex-direction:column;}}@media all and (max-width: 767px){.kadence-column1710_c70d81-e7 > .kt-inside-inner-col{flex-direction:column;}}<\/style>\n<div class=\"wp-block-kadence-column kadence-column1710_c70d81-e7\"><div class=\"kt-inside-inner-col\"><style>.wp-block-kadence-advancedbtn.kb-btns1710_3199df-c2{gap:var(--global-kb-gap-xs, 0.5rem );justify-content:center;align-items:center;}.kt-btns1710_3199df-c2 .kt-button{font-weight:normal;font-style:normal;}.kt-btns1710_3199df-c2 .kt-btn-wrap-0{margin-right:5px;}.wp-block-kadence-advancedbtn.kt-btns1710_3199df-c2 .kt-btn-wrap-0 .kt-button{color:#555555;border-color:#555555;}.wp-block-kadence-advancedbtn.kt-btns1710_3199df-c2 .kt-btn-wrap-0 .kt-button:hover, .wp-block-kadence-advancedbtn.kt-btns1710_3199df-c2 .kt-btn-wrap-0 .kt-button:focus{color:#ffffff;border-color:#444444;}.wp-block-kadence-advancedbtn.kt-btns1710_3199df-c2 .kt-btn-wrap-0 .kt-button::before{display:none;}.wp-block-kadence-advancedbtn.kt-btns1710_3199df-c2 .kt-btn-wrap-0 .kt-button:hover, .wp-block-kadence-advancedbtn.kt-btns1710_3199df-c2 .kt-btn-wrap-0 .kt-button:focus{background:#444444;}<\/style>\n<div class=\"wp-block-kadence-advancedbtn kb-buttons-wrap kb-btns1710_3199df-c2\"><style>ul.menu .wp-block-kadence-advancedbtn .kb-btn1710_8eb952-aa.kb-button{width:initial;}@media all and (max-width: 1024px){.kb-btn1710_8eb952-aa.kb-button .kb-svg-icon-wrap{display:block;}}<\/style><a class=\"kb-button kt-button button kb-btn1710_8eb952-aa kt-btn-size-standard kt-btn-width-type-full kb-btn-global-fill kt-btn-has-text-true kt-btn-has-svg-false wp-block-kadence-singlebtn\" href=\"https:\/\/insosl.com\/en\/fitosanitarios\/\"><span class=\"kt-btn-inner-text\">Fitosanitarios<\/span><\/a><\/div>\n<\/div><\/div>\n\n\n<style>.kadence-column1710_258c86-11 > .kt-inside-inner-col,.kadence-column1710_258c86-11 > .kt-inside-inner-col:before{border-top-left-radius:0px;border-top-right-radius:0px;border-bottom-right-radius:0px;border-bottom-left-radius:0px;}.kadence-column1710_258c86-11 > .kt-inside-inner-col{column-gap:var(--global-kb-gap-sm, 1rem);}.kadence-column1710_258c86-11 > .kt-inside-inner-col{flex-direction:column;}.kadence-column1710_258c86-11 > .kt-inside-inner-col > .aligncenter{width:100%;}.kadence-column1710_258c86-11 > .kt-inside-inner-col:before{opacity:0.3;}.kadence-column1710_258c86-11{position:relative;}@media all and (max-width: 1024px){.kadence-column1710_258c86-11 > .kt-inside-inner-col{flex-direction:column;}}@media all and (max-width: 767px){.kadence-column1710_258c86-11 > .kt-inside-inner-col{flex-direction:column;}}<\/style>\n<div class=\"wp-block-kadence-column kadence-column1710_258c86-11\"><div class=\"kt-inside-inner-col\"><style>.wp-block-kadence-advancedbtn.kb-btns1710_a41ddc-8a{gap:var(--global-kb-gap-xs, 0.5rem );justify-content:center;align-items:center;}.kt-btns1710_a41ddc-8a .kt-button{font-weight:normal;font-style:normal;}.kt-btns1710_a41ddc-8a .kt-btn-wrap-0{margin-right:5px;}.wp-block-kadence-advancedbtn.kt-btns1710_a41ddc-8a .kt-btn-wrap-0 .kt-button{color:#555555;border-color:#555555;}.wp-block-kadence-advancedbtn.kt-btns1710_a41ddc-8a .kt-btn-wrap-0 .kt-button:hover, .wp-block-kadence-advancedbtn.kt-btns1710_a41ddc-8a .kt-btn-wrap-0 .kt-button:focus{color:#ffffff;border-color:#444444;}.wp-block-kadence-advancedbtn.kt-btns1710_a41ddc-8a .kt-btn-wrap-0 .kt-button::before{display:none;}.wp-block-kadence-advancedbtn.kt-btns1710_a41ddc-8a .kt-btn-wrap-0 .kt-button:hover, .wp-block-kadence-advancedbtn.kt-btns1710_a41ddc-8a .kt-btn-wrap-0 .kt-button:focus{background:#444444;}<\/style>\n<div class=\"wp-block-kadence-advancedbtn kb-buttons-wrap kb-btns1710_a41ddc-8a\"><style>ul.menu .wp-block-kadence-advancedbtn .kb-btn1710_cdb2eb-1d.kb-button{width:initial;}@media all and (max-width: 1024px){.kb-btn1710_cdb2eb-1d.kb-button .kb-svg-icon-wrap{display:block;}}<\/style><a class=\"kb-button kt-button button kb-btn1710_cdb2eb-1d kt-btn-size-standard kt-btn-width-type-full kb-btn-global-fill kt-btn-has-text-true kt-btn-has-svg-false wp-block-kadence-singlebtn\" href=\"https:\/\/insosl.com\/en\/soluciones-sostenibles\/\"><span class=\"kt-btn-inner-text\">Soluciones Sostenibles<\/span><\/a><\/div>\n<\/div><\/div>\n\n\n<style>.kadence-column1710_e1b8cf-d8 > .kt-inside-inner-col,.kadence-column1710_e1b8cf-d8 > .kt-inside-inner-col:before{border-top-left-radius:0px;border-top-right-radius:0px;border-bottom-right-radius:0px;border-bottom-left-radius:0px;}.kadence-column1710_e1b8cf-d8 > .kt-inside-inner-col{column-gap:var(--global-kb-gap-sm, 1rem);}.kadence-column1710_e1b8cf-d8 > .kt-inside-inner-col{flex-direction:column;}.kadence-column1710_e1b8cf-d8 > .kt-inside-inner-col > .aligncenter{width:100%;}.kadence-column1710_e1b8cf-d8 > .kt-inside-inner-col:before{opacity:0.3;}.kadence-column1710_e1b8cf-d8{position:relative;}@media all and (max-width: 1024px){.kadence-column1710_e1b8cf-d8 > .kt-inside-inner-col{flex-direction:column;}}@media all and (max-width: 767px){.kadence-column1710_e1b8cf-d8 > .kt-inside-inner-col{flex-direction:column;}}<\/style>\n<div class=\"wp-block-kadence-column kadence-column1710_e1b8cf-d8\"><div class=\"kt-inside-inner-col\"><style>.wp-block-kadence-advancedbtn.kb-btns1710_58db6d-41{gap:var(--global-kb-gap-xs, 0.5rem );justify-content:center;align-items:center;}.kt-btns1710_58db6d-41 .kt-button{font-weight:normal;font-style:normal;}.kt-btns1710_58db6d-41 .kt-btn-wrap-0{margin-right:5px;}.wp-block-kadence-advancedbtn.kt-btns1710_58db6d-41 .kt-btn-wrap-0 .kt-button{color:#555555;border-color:#555555;}.wp-block-kadence-advancedbtn.kt-btns1710_58db6d-41 .kt-btn-wrap-0 .kt-button:hover, .wp-block-kadence-advancedbtn.kt-btns1710_58db6d-41 .kt-btn-wrap-0 .kt-button:focus{color:#ffffff;border-color:#444444;}.wp-block-kadence-advancedbtn.kt-btns1710_58db6d-41 .kt-btn-wrap-0 .kt-button::before{display:none;}.wp-block-kadence-advancedbtn.kt-btns1710_58db6d-41 .kt-btn-wrap-0 .kt-button:hover, .wp-block-kadence-advancedbtn.kt-btns1710_58db6d-41 .kt-btn-wrap-0 .kt-button:focus{background:#444444;}<\/style>\n<div class=\"wp-block-kadence-advancedbtn kb-buttons-wrap kb-btns1710_58db6d-41\"><style>ul.menu .wp-block-kadence-advancedbtn .kb-btn1710_14213b-70.kb-button{width:initial;}@media all and (max-width: 1024px){.kb-btn1710_14213b-70.kb-button .kb-svg-icon-wrap{display:block;}}<\/style><a class=\"kb-button kt-button button kb-btn1710_14213b-70 kt-btn-size-standard kt-btn-width-type-full kb-btn-global-fill kt-btn-has-text-true kt-btn-has-svg-false wp-block-kadence-singlebtn\" href=\"https:\/\/insosl.com\/en\/abonos\/\"><span class=\"kt-btn-inner-text\">Abonos<\/span><\/a><\/div>\n<\/div><\/div>\n\n<\/div><\/div>\n\n<style>.kb-row-layout-id1710_82055b-a0 > .kt-row-column-wrap{align-content:start;}:where(.kb-row-layout-id1710_82055b-a0 > .kt-row-column-wrap) > .wp-block-kadence-column{justify-content:start;}.kb-row-layout-id1710_82055b-a0 > .kt-row-column-wrap{column-gap:var(--global-kb-gap-md, 2rem);row-gap:var(--global-kb-gap-md, 2rem);padding-top:var(--global-kb-spacing-sm, 1.5rem);padding-bottom:var(--global-kb-spacing-sm, 1.5rem);}.kb-row-layout-id1710_82055b-a0 > .kt-row-column-wrap > div:not(.added-for-specificity){grid-column:initial;}.kb-row-layout-id1710_82055b-a0 > .kt-row-column-wrap{grid-template-columns:repeat(3, minmax(0, 1fr));}.kb-row-layout-id1710_82055b-a0 > .kt-row-layout-overlay{opacity:0.30;}@media all and (max-width: 1024px){.kb-row-layout-id1710_82055b-a0 > .kt-row-column-wrap > div:not(.added-for-specificity){grid-column:initial;}}@media all and (max-width: 1024px){.kb-row-layout-id1710_82055b-a0 > .kt-row-column-wrap{grid-template-columns:repeat(3, minmax(0, 1fr));}}@media all and (max-width: 767px){.kb-row-layout-id1710_82055b-a0 > .kt-row-column-wrap > div:not(.added-for-specificity){grid-column:initial;}.kb-row-layout-id1710_82055b-a0 > .kt-row-column-wrap{grid-template-columns:minmax(0, 1fr);}}<\/style><div class=\"kb-row-layout-wrap kb-row-layout-id1710_82055b-a0 alignnone wp-block-kadence-rowlayout\"><div class=\"kt-row-column-wrap kt-has-3-columns kt-row-layout-equal kt-tab-layout-inherit kt-mobile-layout-row kt-row-valign-top\">\n<style>.kadence-column1710_2a0654-5e > .kt-inside-inner-col,.kadence-column1710_2a0654-5e > .kt-inside-inner-col:before{border-top-left-radius:0px;border-top-right-radius:0px;border-bottom-right-radius:0px;border-bottom-left-radius:0px;}.kadence-column1710_2a0654-5e > .kt-inside-inner-col{column-gap:var(--global-kb-gap-sm, 1rem);}.kadence-column1710_2a0654-5e > .kt-inside-inner-col{flex-direction:column;}.kadence-column1710_2a0654-5e > .kt-inside-inner-col > .aligncenter{width:100%;}.kadence-column1710_2a0654-5e > .kt-inside-inner-col:before{opacity:0.3;}.kadence-column1710_2a0654-5e{position:relative;}@media all and (max-width: 1024px){.kadence-column1710_2a0654-5e > .kt-inside-inner-col{flex-direction:column;}}@media all and (max-width: 767px){.kadence-column1710_2a0654-5e > .kt-inside-inner-col{flex-direction:column;}}<\/style>\n<div class=\"wp-block-kadence-column kadence-column1710_2a0654-5e\"><div class=\"kt-inside-inner-col\"><style>.wp-block-kadence-advancedbtn.kb-btns1710_ccb875-a4{gap:var(--global-kb-gap-xs, 0.5rem );justify-content:center;align-items:center;}.kt-btns1710_ccb875-a4 .kt-button{font-weight:normal;font-style:normal;}.kt-btns1710_ccb875-a4 .kt-btn-wrap-0{margin-right:5px;}.wp-block-kadence-advancedbtn.kt-btns1710_ccb875-a4 .kt-btn-wrap-0 .kt-button{color:#555555;border-color:#555555;}.wp-block-kadence-advancedbtn.kt-btns1710_ccb875-a4 .kt-btn-wrap-0 .kt-button:hover, .wp-block-kadence-advancedbtn.kt-btns1710_ccb875-a4 .kt-btn-wrap-0 .kt-button:focus{color:#ffffff;border-color:#444444;}.wp-block-kadence-advancedbtn.kt-btns1710_ccb875-a4 .kt-btn-wrap-0 .kt-button::before{display:none;}.wp-block-kadence-advancedbtn.kt-btns1710_ccb875-a4 .kt-btn-wrap-0 .kt-button:hover, .wp-block-kadence-advancedbtn.kt-btns1710_ccb875-a4 .kt-btn-wrap-0 .kt-button:focus{background:#444444;}<\/style>\n<div class=\"wp-block-kadence-advancedbtn kb-buttons-wrap kb-btns1710_ccb875-a4\"><style>ul.menu .wp-block-kadence-advancedbtn .kb-btn1710_bdc653-f4.kb-button{width:initial;}@media all and (max-width: 1024px){.kb-btn1710_bdc653-f4.kb-button .kb-svg-icon-wrap{display:block;}}<\/style><a class=\"kb-button kt-button button kb-btn1710_bdc653-f4 kt-btn-size-standard kt-btn-width-type-full kb-btn-global-fill kt-btn-has-text-true kt-btn-has-svg-false wp-block-kadence-singlebtn\" href=\"https:\/\/insosl.com\/en\/bioestimulantes\/\"><span class=\"kt-btn-inner-text\">Bioestimulantes<\/span><\/a><\/div>\n<\/div><\/div>\n\n\n<style>.kadence-column1710_20f19a-d4 > .kt-inside-inner-col,.kadence-column1710_20f19a-d4 > .kt-inside-inner-col:before{border-top-left-radius:0px;border-top-right-radius:0px;border-bottom-right-radius:0px;border-bottom-left-radius:0px;}.kadence-column1710_20f19a-d4 > .kt-inside-inner-col{column-gap:var(--global-kb-gap-sm, 1rem);}.kadence-column1710_20f19a-d4 > .kt-inside-inner-col{flex-direction:column;}.kadence-column1710_20f19a-d4 > .kt-inside-inner-col > .aligncenter{width:100%;}.kadence-column1710_20f19a-d4 > .kt-inside-inner-col:before{opacity:0.3;}.kadence-column1710_20f19a-d4{position:relative;}@media all and (max-width: 1024px){.kadence-column1710_20f19a-d4 > .kt-inside-inner-col{flex-direction:column;}}@media all and (max-width: 767px){.kadence-column1710_20f19a-d4 > .kt-inside-inner-col{flex-direction:column;}}<\/style>\n<div class=\"wp-block-kadence-column kadence-column1710_20f19a-d4\"><div class=\"kt-inside-inner-col\"><style>.wp-block-kadence-advancedbtn.kb-btns1710_864530-3a{gap:var(--global-kb-gap-xs, 0.5rem );justify-content:center;align-items:center;}.kt-btns1710_864530-3a .kt-button{font-weight:normal;font-style:normal;}.kt-btns1710_864530-3a .kt-btn-wrap-0{margin-right:5px;}.wp-block-kadence-advancedbtn.kt-btns1710_864530-3a .kt-btn-wrap-0 .kt-button{color:#555555;border-color:#555555;}.wp-block-kadence-advancedbtn.kt-btns1710_864530-3a .kt-btn-wrap-0 .kt-button:hover, .wp-block-kadence-advancedbtn.kt-btns1710_864530-3a .kt-btn-wrap-0 .kt-button:focus{color:#ffffff;border-color:#444444;}.wp-block-kadence-advancedbtn.kt-btns1710_864530-3a .kt-btn-wrap-0 .kt-button::before{display:none;}.wp-block-kadence-advancedbtn.kt-btns1710_864530-3a .kt-btn-wrap-0 .kt-button:hover, .wp-block-kadence-advancedbtn.kt-btns1710_864530-3a .kt-btn-wrap-0 .kt-button:focus{background:#444444;}<\/style>\n<div class=\"wp-block-kadence-advancedbtn kb-buttons-wrap kb-btns1710_864530-3a\"><style>ul.menu .wp-block-kadence-advancedbtn .kb-btn1710_5aaeff-f8.kb-button{width:initial;}@media all and (max-width: 1024px){.kb-btn1710_5aaeff-f8.kb-button .kb-svg-icon-wrap{display:block;}}<\/style><a class=\"kb-button kt-button button kb-btn1710_5aaeff-f8 kt-btn-size-standard kt-btn-width-type-full kb-btn-global-fill kt-btn-has-text-true kt-btn-has-svg-false wp-block-kadence-singlebtn\" href=\"https:\/\/insosl.com\/en\/biofertilizantes\/\"><span class=\"kt-btn-inner-text\">Biofertilizantes<\/span><\/a><\/div>\n<\/div><\/div>\n\n\n<style>.kadence-column1710_aba99e-a5 > .kt-inside-inner-col,.kadence-column1710_aba99e-a5 > .kt-inside-inner-col:before{border-top-left-radius:0px;border-top-right-radius:0px;border-bottom-right-radius:0px;border-bottom-left-radius:0px;}.kadence-column1710_aba99e-a5 > .kt-inside-inner-col{column-gap:var(--global-kb-gap-sm, 1rem);}.kadence-column1710_aba99e-a5 > .kt-inside-inner-col{flex-direction:column;}.kadence-column1710_aba99e-a5 > .kt-inside-inner-col > .aligncenter{width:100%;}.kadence-column1710_aba99e-a5 > .kt-inside-inner-col:before{opacity:0.3;}.kadence-column1710_aba99e-a5{position:relative;}@media all and (max-width: 1024px){.kadence-column1710_aba99e-a5 > .kt-inside-inner-col{flex-direction:column;}}@media all and (max-width: 767px){.kadence-column1710_aba99e-a5 > .kt-inside-inner-col{flex-direction:column;}}<\/style>\n<div class=\"wp-block-kadence-column kadence-column1710_aba99e-a5\"><div class=\"kt-inside-inner-col\"><style>.wp-block-kadence-advancedbtn.kb-btns1710_caf5c5-df{gap:var(--global-kb-gap-xs, 0.5rem );justify-content:center;align-items:center;}.kt-btns1710_caf5c5-df .kt-button{font-weight:normal;font-style:normal;}.kt-btns1710_caf5c5-df .kt-btn-wrap-0{margin-right:5px;}.wp-block-kadence-advancedbtn.kt-btns1710_caf5c5-df .kt-btn-wrap-0 .kt-button{color:#555555;border-color:#555555;}.wp-block-kadence-advancedbtn.kt-btns1710_caf5c5-df .kt-btn-wrap-0 .kt-button:hover, .wp-block-kadence-advancedbtn.kt-btns1710_caf5c5-df .kt-btn-wrap-0 .kt-button:focus{color:#ffffff;border-color:#444444;}.wp-block-kadence-advancedbtn.kt-btns1710_caf5c5-df .kt-btn-wrap-0 .kt-button::before{display:none;}.wp-block-kadence-advancedbtn.kt-btns1710_caf5c5-df .kt-btn-wrap-0 .kt-button:hover, .wp-block-kadence-advancedbtn.kt-btns1710_caf5c5-df .kt-btn-wrap-0 .kt-button:focus{background:#444444;}<\/style>\n<div class=\"wp-block-kadence-advancedbtn kb-buttons-wrap kb-btns1710_caf5c5-df\"><style>ul.menu .wp-block-kadence-advancedbtn .kb-btn1710_887213-af.kb-button{width:initial;}@media all and (max-width: 1024px){.kb-btn1710_887213-af.kb-button .kb-svg-icon-wrap{display:block;}}<\/style><a class=\"kb-button kt-button button kb-btn1710_887213-af kt-btn-size-standard kt-btn-width-type-full kb-btn-global-fill kt-btn-has-text-true kt-btn-has-svg-false wp-block-kadence-singlebtn\" href=\"https:\/\/insosl.com\/en\/correctores-de-carencia\/\"><span class=\"kt-btn-inner-text\">Correctores de Carencias<\/span><\/a><\/div>\n<\/div><\/div>\n\n<\/div><\/div>","protected":false},"excerpt":{"rendered":"<p>Sanidad Vegetal INSO est\u00e1 comprometido con la sanidad vegetal, ya que esun pilar fundamental para la producci\u00f3n agr\u00edcola. Por ello, contamos con un amplio cat\u00e1logo de productoseficaces, tanto para la defensa de los cultivos, como paralos da\u00f1os que amenazan la calidad y la seguridad denuestros alimentos, corrigiendo las deficiencias yoptimizando la producci\u00f3n.<\/p>","protected":false},"author":1,"featured_media":0,"parent":0,"menu_order":0,"comment_status":"closed","ping_status":"closed","template":"","meta":{"_kadence_starter_templates_imported_post":false,"_kad_post_transparent":"","_kad_post_title":"","_kad_post_layout":"","_kad_post_sidebar_id":"","_kad_post_content_style":"","_kad_post_vertical_padding":"","_kad_post_feature":"","_kad_post_feature_position":"","_kad_post_header":false,"_kad_post_footer":false,"footnotes":""},"class_list":["post-1710","page","type-page","status-publish","hentry"],"_links":{"self":[{"href":"http:\/\/insosl.com\/en\/wp-json\/wp\/v2\/pages\/1710","targetHints":{"allow":["GET"]}}],"collection":[{"href":"http:\/\/insosl.com\/en\/wp-json\/wp\/v2\/pages"}],"about":[{"href":"http:\/\/insosl.com\/en\/wp-json\/wp\/v2\/types\/page"}],"author":[{"embeddable":true,"href":"http:\/\/insosl.com\/en\/wp-json\/wp\/v2\/users\/1"}],"replies":[{"embeddable":true,"href":"http:\/\/insosl.com\/en\/wp-json\/wp\/v2\/comments?post=1710"}],"version-history":[{"count":12,"href":"http:\/\/insosl.com\/en\/wp-json\/wp\/v2\/pages\/1710\/revisions"}],"predecessor-version":[{"id":1857,"href":"http:\/\/insosl.com\/en\/wp-json\/wp\/v2\/pages\/1710\/revisions\/1857"}],"wp:attachment":[{"href":"http:\/\/insosl.com\/en\/wp-json\/wp\/v2\/media?parent=1710"}],"curies":[{"name":"wp","href":"https:\/\/api.w.org\/{rel}","templated":true}]}}