{"id":770,"date":"2020-12-10T18:02:24","date_gmt":"2020-12-10T15:02:24","guid":{"rendered":"https:\/\/startertemplatecloud.com\/e07\/?page_id=770"},"modified":"2024-10-31T17:37:15","modified_gmt":"2024-10-31T16:37:15","slug":"contacto","status":"publish","type":"page","link":"http:\/\/insosl.com\/en\/contacto\/","title":{"rendered":"Contacto"},"content":{"rendered":"<style>.kb-row-layout-id770_6f564c-42 > .kt-row-column-wrap{align-content:start;}:where(.kb-row-layout-id770_6f564c-42 > .kt-row-column-wrap) > .wp-block-kadence-column{justify-content:start;}.kb-row-layout-id770_6f564c-42 > .kt-row-column-wrap{column-gap:var(--global-kb-gap-md, 2rem);row-gap:var(--global-kb-gap-md, 2rem);padding-top:var(--global-kb-spacing-sm, 1.5rem);padding-bottom:var(--global-kb-spacing-sm, 1.5rem);grid-template-columns:minmax(0, 1fr);}.kb-row-layout-id770_6f564c-42 > .kt-row-layout-overlay{opacity:0.30;}@media all and (max-width: 1024px){.kb-row-layout-id770_6f564c-42 > .kt-row-column-wrap{grid-template-columns:minmax(0, 1fr);}}@media all and (max-width: 767px){.kb-row-layout-id770_6f564c-42 > .kt-row-column-wrap{grid-template-columns:minmax(0, 1fr);}}<\/style><div class=\"kb-row-layout-wrap kb-row-layout-id770_6f564c-42 alignnone wp-block-kadence-rowlayout\"><div class=\"kt-row-column-wrap kt-has-1-columns kt-row-layout-equal kt-tab-layout-inherit kt-mobile-layout-row kt-row-valign-top\">\n<style>.kadence-column770_0c4acc-7a > .kt-inside-inner-col,.kadence-column770_0c4acc-7a > .kt-inside-inner-col:before{border-top-left-radius:0px;border-top-right-radius:0px;border-bottom-right-radius:0px;border-bottom-left-radius:0px;}.kadence-column770_0c4acc-7a > .kt-inside-inner-col{column-gap:var(--global-kb-gap-sm, 1rem);}.kadence-column770_0c4acc-7a > .kt-inside-inner-col{flex-direction:column;}.kadence-column770_0c4acc-7a > .kt-inside-inner-col > .aligncenter{width:100%;}.kadence-column770_0c4acc-7a > .kt-inside-inner-col:before{opacity:0.3;}.kadence-column770_0c4acc-7a{position:relative;}@media all and (max-width: 1024px){.kadence-column770_0c4acc-7a > .kt-inside-inner-col{flex-direction:column;}}@media all and (max-width: 767px){.kadence-column770_0c4acc-7a > .kt-inside-inner-col{flex-direction:column;}}<\/style>\n<div class=\"wp-block-kadence-column kadence-column770_0c4acc-7a\"><div class=\"kt-inside-inner-col\"><style>.kb-row-layout-id770_0a95f9-25 > .kt-row-column-wrap{align-content:start;}:where(.kb-row-layout-id770_0a95f9-25 > .kt-row-column-wrap) > .wp-block-kadence-column{justify-content:start;}.kb-row-layout-id770_0a95f9-25 > .kt-row-column-wrap{column-gap:var(--global-kb-gap-md, 2rem);row-gap:var(--global-kb-gap-md, 2rem);padding-top:var(--global-kb-spacing-sm, 1.5rem);padding-bottom:var(--global-kb-spacing-sm, 1.5rem);grid-template-columns:minmax(0, 1fr);}.kb-row-layout-id770_0a95f9-25 > .kt-row-layout-overlay{opacity:0.30;}@media all and (max-width: 1024px){.kb-row-layout-id770_0a95f9-25 > .kt-row-column-wrap{grid-template-columns:minmax(0, 1fr);}}@media all and (max-width: 767px){.kb-row-layout-id770_0a95f9-25 > .kt-row-column-wrap{grid-template-columns:minmax(0, 1fr);}}<\/style><div class=\"kb-row-layout-wrap kb-row-layout-id770_0a95f9-25 alignnone wp-block-kadence-rowlayout\"><div class=\"kt-row-column-wrap kt-has-1-columns kt-row-layout-equal kt-tab-layout-inherit kt-mobile-layout-row kt-row-valign-top\">\n<style>.kadence-column770_fd800e-b3 > .kt-inside-inner-col,.kadence-column770_fd800e-b3 > .kt-inside-inner-col:before{border-top-left-radius:0px;border-top-right-radius:0px;border-bottom-right-radius:0px;border-bottom-left-radius:0px;}.kadence-column770_fd800e-b3 > .kt-inside-inner-col{column-gap:var(--global-kb-gap-sm, 1rem);}.kadence-column770_fd800e-b3 > .kt-inside-inner-col{flex-direction:column;}.kadence-column770_fd800e-b3 > .kt-inside-inner-col > .aligncenter{width:100%;}.kadence-column770_fd800e-b3 > .kt-inside-inner-col:before{opacity:0.3;}.kadence-column770_fd800e-b3{position:relative;}@media all and (max-width: 1024px){.kadence-column770_fd800e-b3 > .kt-inside-inner-col{flex-direction:column;}}@media all and (max-width: 767px){.kadence-column770_fd800e-b3 > .kt-inside-inner-col{flex-direction:column;}}<\/style>\n<div class=\"wp-block-kadence-column kadence-column770_fd800e-b3\"><div class=\"kt-inside-inner-col\"><style>.wp-block-kadence-advancedheading.kt-adv-heading770_3ee9b8-76, .wp-block-kadence-advancedheading.kt-adv-heading770_3ee9b8-76[data-kb-block=\"kb-adv-heading770_3ee9b8-76\"]{font-size:var(--global-kb-font-size-lg, 2rem);font-style:normal;}.wp-block-kadence-advancedheading.kt-adv-heading770_3ee9b8-76 mark.kt-highlight, .wp-block-kadence-advancedheading.kt-adv-heading770_3ee9b8-76[data-kb-block=\"kb-adv-heading770_3ee9b8-76\"] mark.kt-highlight{font-style:normal;color:#f76a0c;-webkit-box-decoration-break:clone;box-decoration-break:clone;padding-top:0px;padding-right:0px;padding-bottom:0px;padding-left:0px;}<\/style>\n<h3 class=\"kt-adv-heading770_3ee9b8-76 wp-block-kadence-advancedheading\" data-kb-block=\"kb-adv-heading770_3ee9b8-76\">Contacto<\/h3>\n<\/div><\/div>\n\n<\/div><\/div><\/div><\/div>\n\n<\/div><\/div>\n\n<style>.kb-row-layout-id770_4810e6-8a > .kt-row-column-wrap{align-content:start;}:where(.kb-row-layout-id770_4810e6-8a > .kt-row-column-wrap) > .wp-block-kadence-column{justify-content:start;}.kb-row-layout-id770_4810e6-8a > .kt-row-column-wrap{column-gap:var(--global-kb-gap-md, 2rem);row-gap:var(--global-kb-gap-md, 2rem);padding-top:var(--global-kb-spacing-sm, 1.5rem);padding-bottom:var(--global-kb-spacing-sm, 1.5rem);grid-template-columns:repeat(2, minmax(0, 1fr));}.kb-row-layout-id770_4810e6-8a > .kt-row-layout-overlay{opacity:0.30;}@media all and (max-width: 1024px){.kb-row-layout-id770_4810e6-8a > .kt-row-column-wrap{grid-template-columns:repeat(2, minmax(0, 1fr));}}@media all and (max-width: 767px){.kb-row-layout-id770_4810e6-8a > .kt-row-column-wrap{grid-template-columns:minmax(0, 1fr);}}<\/style><div class=\"kb-row-layout-wrap kb-row-layout-id770_4810e6-8a alignnone wp-block-kadence-rowlayout\"><div class=\"kt-row-column-wrap kt-has-2-columns kt-row-layout-equal kt-tab-layout-inherit kt-mobile-layout-row kt-row-valign-top\">\n<style>.kadence-column770_844fda-12 > .kt-inside-inner-col,.kadence-column770_844fda-12 > .kt-inside-inner-col:before{border-top-left-radius:0px;border-top-right-radius:0px;border-bottom-right-radius:0px;border-bottom-left-radius:0px;}.kadence-column770_844fda-12 > .kt-inside-inner-col{column-gap:var(--global-kb-gap-sm, 1rem);}.kadence-column770_844fda-12 > .kt-inside-inner-col{flex-direction:column;}.kadence-column770_844fda-12 > .kt-inside-inner-col > .aligncenter{width:100%;}.kadence-column770_844fda-12 > .kt-inside-inner-col:before{opacity:0.3;}.kadence-column770_844fda-12{position:relative;}@media all and (max-width: 1024px){.kadence-column770_844fda-12 > .kt-inside-inner-col{flex-direction:column;}}@media all and (max-width: 767px){.kadence-column770_844fda-12 > .kt-inside-inner-col{flex-direction:column;}}<\/style>\n<div class=\"wp-block-kadence-column kadence-column770_844fda-12\"><div class=\"kt-inside-inner-col\"><style>.kb-google-maps-container770_a82d45-c5{height:450px;}<\/style><div class=\"kb-google-maps-container kb-google-maps-container770_a82d45-c5  wp-block-kadence-googlemaps\" data-mapid=\"770_a82d45c5\"><iframe width=\"100%\" height=\"100%\"\n\t\t\t\t\t\t\tstyle=\"border:0\" loading=\"lazy\"\n\t\t\t\t\t\t\tsrc=\"https:\/\/www.google.com\/maps\/embed\/v1\/place?key=AIzaSyBAM2o7PiQqwk15LC1XRH2e_KJ-jUa7KYk&#038;zoom=16&#038;maptype=satellite&#038;q=Insecticidas+onubenses\"\n\t\t\t\t\t\t\ttitle=\"Google map of Insecticidas onubenses\"><\/iframe><\/div><script>function kb_google_map770_a82d45c5() { let center = { lat: 37.8201, lng: -122.4781}; let map = new google.maps.Map(document.getElementById(\"kb-google-map770_a82d45c5\"), {\n\t\t\t\t\t    zoom: 16,\n\t\t\t\t\t    center: center,mapTypeId: \"satellite\",});let marker = new google.maps.Marker({   position: { lat: 37.8201, lng: -122.4781},    map: map,  });}<\/script><\/div><\/div>\n\n\n<style>.kadence-column770_db9758-3c > .kt-inside-inner-col,.kadence-column770_db9758-3c > .kt-inside-inner-col:before{border-top-left-radius:0px;border-top-right-radius:0px;border-bottom-right-radius:0px;border-bottom-left-radius:0px;}.kadence-column770_db9758-3c > .kt-inside-inner-col{column-gap:var(--global-kb-gap-sm, 1rem);}.kadence-column770_db9758-3c > .kt-inside-inner-col{flex-direction:column;}.kadence-column770_db9758-3c > .kt-inside-inner-col > .aligncenter{width:100%;}.kadence-column770_db9758-3c > .kt-inside-inner-col:before{opacity:0.3;}.kadence-column770_db9758-3c{position:relative;}@media all and (max-width: 1024px){.kadence-column770_db9758-3c > .kt-inside-inner-col{flex-direction:column;}}@media all and (max-width: 767px){.kadence-column770_db9758-3c > .kt-inside-inner-col{flex-direction:column;}}<\/style>\n<div class=\"wp-block-kadence-column kadence-column770_db9758-3c\"><div class=\"kt-inside-inner-col\"><style>.wp-block-kadence-column.kb-section-dir-horizontal > .kt-inside-inner-col > .kt-info-box770_ffbde7-38 .kt-blocks-info-box-link-wrap{max-width:unset;}.kt-info-box770_ffbde7-38 .kt-blocks-info-box-link-wrap{border-top:5px solid var(--global-palette7, #eeeeee);border-right:5px solid var(--global-palette7, #eeeeee);border-bottom:5px solid var(--global-palette7, #eeeeee);border-left:5px solid var(--global-palette7, #eeeeee);border-top-left-radius:20px;border-top-right-radius:20px;border-bottom-right-radius:20px;border-bottom-left-radius:20px;background:#ffffff;padding-top:var(--global-kb-spacing-sm, 1.5rem);padding-right:var(--global-kb-spacing-sm, 1.5rem);padding-bottom:var(--global-kb-spacing-sm, 1.5rem);padding-left:var(--global-kb-spacing-sm, 1.5rem);margin-top:50px;}.kt-info-box770_ffbde7-38 .kadence-info-box-icon-container .kt-info-svg-icon, .kt-info-box770_ffbde7-38 .kt-info-svg-icon-flip, .kt-info-box770_ffbde7-38 .kt-blocks-info-box-number{font-size:50px;}.kt-info-box770_ffbde7-38 .kt-blocks-info-box-media{background:#ffffff;border-color:var(--global-palette7, #eeeeee);border-radius:200px;border-top-width:5px;border-right-width:5px;border-bottom-width:5px;border-left-width:5px;padding-top:20px;padding-right:20px;padding-bottom:20px;padding-left:20px;}.kt-info-box770_ffbde7-38 .kt-blocks-info-box-media-container{margin-top:-75px;margin-right:0px;margin-bottom:20px;margin-left:0px;}.kt-info-box770_ffbde7-38 .kt-blocks-info-box-media .kadence-info-box-image-intrisic img{border-radius:200px;}.kt-info-box770_ffbde7-38 .kt-infobox-textcontent h4.kt-blocks-info-box-title{padding-top:0px;padding-right:0px;padding-bottom:0px;padding-left:0px;margin-top:5px;margin-right:0px;margin-bottom:10px;margin-left:0px;}.kt-info-box770_ffbde7-38 .kt-blocks-info-box-learnmore{background:transparent;border-width:0px 0px 0px 0px;padding-top:4px;padding-right:8px;padding-bottom:4px;padding-left:8px;margin-top:10px;margin-right:0px;margin-bottom:10px;margin-left:0px;}@media all and (max-width: 1024px){.kt-info-box770_ffbde7-38 .kt-blocks-info-box-link-wrap{border-top:5px solid var(--global-palette7, #eeeeee);border-right:5px solid var(--global-palette7, #eeeeee);border-bottom:5px solid var(--global-palette7, #eeeeee);border-left:5px solid var(--global-palette7, #eeeeee);}}@media all and (max-width: 767px){.kt-info-box770_ffbde7-38 .kt-blocks-info-box-link-wrap{border-top:5px solid var(--global-palette7, #eeeeee);border-right:5px solid var(--global-palette7, #eeeeee);border-bottom:5px solid var(--global-palette7, #eeeeee);border-left:5px solid var(--global-palette7, #eeeeee);}}<\/style>\n<div class=\"wp-block-kadence-infobox kt-info-box770_ffbde7-38\"><span class=\"kt-blocks-info-box-link-wrap info-box-link kt-blocks-info-box-media-align-top kt-info-halign-center\"><div class=\"kt-blocks-info-box-media-container\"><div class=\"kt-blocks-info-box-media kt-info-media-animate-none\"><div class=\"kadence-info-box-icon-container kt-info-icon-animate-none\"><div class=\"kadence-info-box-icon-inner-container\"><span class=\"kb-svg-icon-wrap kb-svg-icon-fe_award kt-info-svg-icon\"><svg viewbox=\"0 0 24 24\"  fill=\"none\" stroke=\"currentColor\" stroke-width=\"2\" stroke-linecap=\"round\" stroke-linejoin=\"round\" xmlns=\"http:\/\/www.w3.org\/2000\/svg\"  aria-hidden=\"true\"><circle cx=\"12\" cy=\"8\" r=\"7\"\/><polyline points=\"8.21 13.89 7 23 12 20 17 23 15.79 13.88\"\/><\/svg><\/span><\/div><\/div><\/div><\/div><div class=\"kt-infobox-textcontent\"><h4 class=\"kt-blocks-info-box-title\">Insecticidas Onubenses S.L.<\/h4><p class=\"kt-blocks-info-box-text\"><br\/>Avda. Andaluc\u00eda 26<br\/>21440 Lepe (Huelva)<br\/>Telf. 959 38 03 25<br\/>eco@insosl.es<\/p><\/div><\/span><\/div>\n<\/div><\/div>\n\n<\/div><\/div>\n\n<style>.kb-row-layout-id770_06be90-85 > .kt-row-column-wrap{align-content:start;}:where(.kb-row-layout-id770_06be90-85 > .kt-row-column-wrap) > .wp-block-kadence-column{justify-content:start;}.kb-row-layout-id770_06be90-85 > .kt-row-column-wrap{column-gap:var(--global-kb-gap-md, 2rem);row-gap:var(--global-kb-gap-md, 2rem);padding-top:var(--global-kb-spacing-sm, 1.5rem);padding-bottom:var(--global-kb-spacing-sm, 1.5rem);grid-template-columns:minmax(0, 1fr);}.kb-row-layout-id770_06be90-85 > .kt-row-layout-overlay{opacity:0.30;}@media all and (max-width: 1024px){.kb-row-layout-id770_06be90-85 > .kt-row-column-wrap{grid-template-columns:minmax(0, 1fr);}}@media all and (max-width: 767px){.kb-row-layout-id770_06be90-85 > .kt-row-column-wrap{grid-template-columns:minmax(0, 1fr);}}<\/style><div class=\"kb-row-layout-wrap kb-row-layout-id770_06be90-85 alignnone wp-block-kadence-rowlayout\"><div class=\"kt-row-column-wrap kt-has-1-columns kt-row-layout-equal kt-tab-layout-inherit kt-mobile-layout-row kt-row-valign-top\">\n<style>.kadence-column770_59ed53-0d > .kt-inside-inner-col,.kadence-column770_59ed53-0d > .kt-inside-inner-col:before{border-top-left-radius:0px;border-top-right-radius:0px;border-bottom-right-radius:0px;border-bottom-left-radius:0px;}.kadence-column770_59ed53-0d > .kt-inside-inner-col{column-gap:var(--global-kb-gap-sm, 1rem);}.kadence-column770_59ed53-0d > .kt-inside-inner-col{flex-direction:column;}.kadence-column770_59ed53-0d > .kt-inside-inner-col > .aligncenter{width:100%;}.kadence-column770_59ed53-0d > .kt-inside-inner-col:before{opacity:0.3;}.kadence-column770_59ed53-0d{position:relative;}@media all and (max-width: 1024px){.kadence-column770_59ed53-0d > .kt-inside-inner-col{flex-direction:column;}}@media all and (max-width: 767px){.kadence-column770_59ed53-0d > .kt-inside-inner-col{flex-direction:column;}}<\/style>\n<div class=\"wp-block-kadence-column kadence-column770_59ed53-0d\"><div class=\"kt-inside-inner-col\"><style>.kadence-form-770_9fba39-07 .kadence-blocks-form-message, .kadence-form-770_9fba39-07 .kb-form-error-msg{border-width:10px 10px 10px 10px;}.kb-form input.kadence-blocks-field.verify{opacity:0.0;position:absolute;top:0.0;left:0.0;width:0.0;height:0.0;z-index:-1;}<\/style>\n<div class=\"wp-block-kadence-form kadence-form-770_9fba39-07 kb-form-wrap kb-form-align-center\"><form class=\"kb-form\" action=\"\" method=\"post\" data-trp-original-action=\"\"><div class=\"kadence-blocks-form-field kb-field-desk-width-100 kb-input-size-standard\"><label for=\"kb_field_770_9fba39-07_0\">Nombre<span class=\"required\">*<\/span><\/label><input name=\"kb_field_0\" id=\"kb_field_770_9fba39-07_0\" data-label=\"Nombre\" type=\"text\" placeholder=\"\" value=\"\" data-type=\"text\" class=\"kb-field kb-text-style-field kb-text-field kb-field-0\" data-required=\"yes\"\/><\/div><div class=\"kadence-blocks-form-field kb-form-field-1 kb-field-desk-width-100 kb-input-size-standard\"><label for=\"kb_field_770_9fba39-07_1\">Email<span class=\"required\">*<\/span><\/label><input name=\"kb_field_1\" id=\"kb_field_770_9fba39-07_1\" data-label=\"Email\" type=\"email\" placeholder=\"\" value=\"\" data-type=\"email\" class=\"kb-field kb-text-style-field kb-email-field kb-field-1\" data-required=\"yes\"\/><\/div><div class=\"kadence-blocks-form-field kb-form-field-2 kb-field-desk-width-100 kb-input-size-standard\"><label for=\"kb_field_770_9fba39-07_2\">Mensaje<span class=\"required\">*<\/span><\/label><textarea name=\"kb_field_2\" id=\"kb_field_770_9fba39-07_2\" data-label=\"Mensaje\" type=\"textarea\" placeholder=\"\" data-type=\"textarea\" class=\"kb-field kb-text-style-field kb-textarea-field kb-field-2\" rows=\"4\" data-required=\"yes\"><\/textarea><\/div><div class=\"kadence-blocks-form-field kb-form-field-3 kb-field-desk-width-100 kb-input-size-standard kb-accept-form-field\"><a href=\"https:\/\/insosl.com\/en\/politica-privacidad\/\" target=\"_blank\" rel=\"noopener noreferrer\" class=\"kb-accept-link\">Aviso legal y politica de privacidad<\/a><input type=\"checkbox\" name=\"kb_field_3\" id=\"kb_field_770_9fba39-07_3\" class=\"kb-field kb-checkbox-style kb-accept\" value=\"accept\" data-type=\"accept\" data-required=\"yes\"\/><label for=\"kb_field_770_9fba39-07_3\">Soy mayor de 14 a\u00f1os y ACEPTO las condiciones establecidas en Aviso Legal y Pol\u00edtica de Privacidad<span class=\"required\">*<\/span><\/label><\/div><input type=\"hidden\" name=\"_kb_form_id\" value=\"770_9fba39-07\"\/><input type=\"hidden\" name=\"_kb_form_post_id\" value=\"770\"\/><input type=\"hidden\" name=\"action\" value=\"kb_process_ajax_submit\"\/><input type=\"hidden\" name=\"recaptcha_response\" class=\"kb_recaptcha_response kb_recaptcha_770_9fba39-07\"\/><input class=\"kadence-blocks-field verify\" type=\"text\" name=\"_kb_verify_email\" autocomplete=\"new-password\" aria-hidden=\"true\" placeholder=\"Email\" tabindex=\"-1\" data-1p-ignore=\"true\" data-lpignore=\"true\" \/><div class=\"kadence-blocks-form-field kb-submit-field kb-field-desk-width-100\"><button class=\"kb-forms-submit button kb-button-size-standard kb-button-width-auto\">Enviar<\/button><\/div><input type=\"hidden\" name=\"trp-form-language\" value=\"en\"\/><\/form><\/div>\n<noscript><div class=\"kadence-blocks-form-message kadence-blocks-form-warning\">Please enable JavaScript in your browser to submit the form<\/div><style>.kadence-form-770_9fba39-07 .kadence-blocks-form-field.kb-submit-field { display: none; }<\/style><\/noscript><\/div><\/div>\n\n<\/div><\/div>\n\n\n<p><\/p>\n\n\n\n<p>Los datos de car\u00e1cter personal que se faciliten mediante este formulario quedar\u00e1n registrados para su tratamiento, del que el Responsable es Insecticidas Onubenses SL (<strong>I<\/strong><strong>NSO<\/strong>) y ser\u00e1n utilizados con la Finalidad de contestar a las solicitudes o consultas planteadas. La Legitimaci\u00f3n para llevar a cabo este tratamiento tiene su base en su consentimiento otorgado. Vd. puede ejercitar los Derechos de acceso, rectificaci\u00f3n, supresi\u00f3n (&#8216;derecho al olvido&#8217;), limitaci\u00f3n, portabilidad y oposici\u00f3n dirigi\u00e9ndose al Responsable de Tratamiento, conforme a lo establecido en los Arts. 15 y ss. del RGPD-EU y los Arts. 12 y ss LOPDGDD, mediante escrito a Ctra Huelva-Ayamonte, Km. 684 &#8211; 21440 Lepe (HUELVA). Los datos ser\u00e1n Conservados durante el plazo estrictamente necesario para cumplir con la normativa mencionada.<\/p>\n\n\n\n<p>Visite nuestro <strong><a href=\"https:\/\/insosl.com\/en\/politica-privacidad\/\" data-type=\"page\" data-id=\"3\">Aviso Legal y Pol\u00edtica de Privacidad<\/a><\/strong><\/p>\n\n\n\n<p>Puede solicitar m\u00e1s informaci\u00f3n sobre Protecci\u00f3n de Datos en DP-CONTROL: <a href=\"mailto:dp-control@dp-control.es\">dp-control@dp-control.es<\/a><\/p>\n\n\n\n<p><\/p>","protected":false},"excerpt":{"rendered":"<p>Contacto Los datos de car\u00e1cter personal que se faciliten mediante este formulario quedar\u00e1n registrados para su tratamiento, del que el Responsable es Insecticidas Onubenses SL (INSO) y ser\u00e1n utilizados con la Finalidad de contestar a las solicitudes o consultas planteadas. La Legitimaci\u00f3n para llevar a cabo este tratamiento tiene su base en su consentimiento otorgado&#8230;.<\/p>","protected":false},"author":1,"featured_media":1635,"parent":0,"menu_order":0,"comment_status":"closed","ping_status":"closed","template":"","meta":{"_kadence_starter_templates_imported_post":true,"_kad_post_transparent":"","_kad_post_title":"","_kad_post_layout":"","_kad_post_sidebar_id":"","_kad_post_content_style":"","_kad_post_vertical_padding":"","_kad_post_feature":"","_kad_post_feature_position":"","_kad_post_header":false,"_kad_post_footer":false,"footnotes":""},"class_list":["post-770","page","type-page","status-publish","has-post-thumbnail","hentry"],"_links":{"self":[{"href":"http:\/\/insosl.com\/en\/wp-json\/wp\/v2\/pages\/770","targetHints":{"allow":["GET"]}}],"collection":[{"href":"http:\/\/insosl.com\/en\/wp-json\/wp\/v2\/pages"}],"about":[{"href":"http:\/\/insosl.com\/en\/wp-json\/wp\/v2\/types\/page"}],"author":[{"embeddable":true,"href":"http:\/\/insosl.com\/en\/wp-json\/wp\/v2\/users\/1"}],"replies":[{"embeddable":true,"href":"http:\/\/insosl.com\/en\/wp-json\/wp\/v2\/comments?post=770"}],"version-history":[{"count":10,"href":"http:\/\/insosl.com\/en\/wp-json\/wp\/v2\/pages\/770\/revisions"}],"predecessor-version":[{"id":1978,"href":"http:\/\/insosl.com\/en\/wp-json\/wp\/v2\/pages\/770\/revisions\/1978"}],"wp:featuredmedia":[{"embeddable":true,"href":"http:\/\/insosl.com\/en\/wp-json\/wp\/v2\/media\/1635"}],"wp:attachment":[{"href":"http:\/\/insosl.com\/en\/wp-json\/wp\/v2\/media?parent=770"}],"curies":[{"name":"wp","href":"https:\/\/api.w.org\/{rel}","templated":true}]}}