{"id":1694,"date":"2024-01-12T12:26:53","date_gmt":"2024-01-12T11:26:53","guid":{"rendered":"https:\/\/insosl.com\/?page_id=1694"},"modified":"2025-03-05T17:18:30","modified_gmt":"2025-03-05T16:18:30","slug":"politica-de-calidad","status":"publish","type":"page","link":"https:\/\/insosl.com\/en\/politica-de-calidad\/","title":{"rendered":"Pol\u00edtica de Calidad"},"content":{"rendered":"<style>.kb-row-layout-id1694_5ec8cf-a9 > .kt-row-column-wrap{align-content:start;}:where(.kb-row-layout-id1694_5ec8cf-a9 > .kt-row-column-wrap) > .wp-block-kadence-column{justify-content:start;}.kb-row-layout-id1694_5ec8cf-a9 > .kt-row-column-wrap{column-gap:var(--global-kb-gap-md, 2rem);row-gap:var(--global-kb-gap-md, 2rem);padding-top:var(--global-kb-spacing-sm, 1.5rem);padding-bottom:var(--global-kb-spacing-sm, 1.5rem);grid-template-columns:minmax(0, 1fr);}.kb-row-layout-id1694_5ec8cf-a9 > .kt-row-layout-overlay{opacity:0.30;}@media all and (max-width: 1024px){.kb-row-layout-id1694_5ec8cf-a9 > .kt-row-column-wrap{grid-template-columns:minmax(0, 1fr);}}@media all and (max-width: 767px){.kb-row-layout-id1694_5ec8cf-a9 > .kt-row-column-wrap{grid-template-columns:minmax(0, 1fr);}}<\/style><div class=\"kb-row-layout-wrap kb-row-layout-id1694_5ec8cf-a9 alignnone wp-block-kadence-rowlayout\"><div class=\"kt-row-column-wrap kt-has-1-columns kt-row-layout-equal kt-tab-layout-inherit kt-mobile-layout-row kt-row-valign-top\">\n<style>.kadence-column1694_8ad0f3-6d > .kt-inside-inner-col,.kadence-column1694_8ad0f3-6d > .kt-inside-inner-col:before{border-top-left-radius:0px;border-top-right-radius:0px;border-bottom-right-radius:0px;border-bottom-left-radius:0px;}.kadence-column1694_8ad0f3-6d > .kt-inside-inner-col{column-gap:var(--global-kb-gap-sm, 1rem);}.kadence-column1694_8ad0f3-6d > .kt-inside-inner-col{flex-direction:column;}.kadence-column1694_8ad0f3-6d > .kt-inside-inner-col > .aligncenter{width:100%;}.kadence-column1694_8ad0f3-6d > .kt-inside-inner-col:before{opacity:0.3;}.kadence-column1694_8ad0f3-6d{position:relative;}@media all and (max-width: 1024px){.kadence-column1694_8ad0f3-6d > .kt-inside-inner-col{flex-direction:column;}}@media all and (max-width: 767px){.kadence-column1694_8ad0f3-6d > .kt-inside-inner-col{flex-direction:column;}}<\/style>\n<div class=\"wp-block-kadence-column kadence-column1694_8ad0f3-6d\"><div class=\"kt-inside-inner-col\"><style>.wp-block-kadence-advancedheading.kt-adv-heading1694_1d9b5f-dc, .wp-block-kadence-advancedheading.kt-adv-heading1694_1d9b5f-dc[data-kb-block=\"kb-adv-heading1694_1d9b5f-dc\"]{font-style:normal;}.wp-block-kadence-advancedheading.kt-adv-heading1694_1d9b5f-dc mark.kt-highlight, .wp-block-kadence-advancedheading.kt-adv-heading1694_1d9b5f-dc[data-kb-block=\"kb-adv-heading1694_1d9b5f-dc\"] mark.kt-highlight{font-style:normal;color:#f76a0c;-webkit-box-decoration-break:clone;box-decoration-break:clone;padding-top:0px;padding-right:0px;padding-bottom:0px;padding-left:0px;}<\/style>\n<h3 class=\"kt-adv-heading1694_1d9b5f-dc wp-block-kadence-advancedheading\" data-kb-block=\"kb-adv-heading1694_1d9b5f-dc\">Pol\u00edtica de Calidad<\/h3>\n<\/div><\/div>\n\n<\/div><\/div>\n\n<style>.kb-row-layout-id1694_3fff1d-21 > .kt-row-column-wrap{align-content:start;}:where(.kb-row-layout-id1694_3fff1d-21 > .kt-row-column-wrap) > .wp-block-kadence-column{justify-content:start;}.kb-row-layout-id1694_3fff1d-21 > .kt-row-column-wrap{column-gap:var(--global-kb-gap-md, 2rem);row-gap:var(--global-kb-gap-md, 2rem);padding-top:var(--global-kb-spacing-sm, 1.5rem);padding-bottom:var(--global-kb-spacing-sm, 1.5rem);grid-template-columns:minmax(0, 1fr);}.kb-row-layout-id1694_3fff1d-21 > .kt-row-layout-overlay{opacity:0.30;}@media all and (max-width: 1024px){.kb-row-layout-id1694_3fff1d-21 > .kt-row-column-wrap{grid-template-columns:minmax(0, 1fr);}}@media all and (max-width: 767px){.kb-row-layout-id1694_3fff1d-21 > .kt-row-column-wrap{grid-template-columns:minmax(0, 1fr);}}<\/style><div class=\"kb-row-layout-wrap kb-row-layout-id1694_3fff1d-21 alignnone wp-block-kadence-rowlayout\"><div class=\"kt-row-column-wrap kt-has-1-columns kt-row-layout-equal kt-tab-layout-inherit kt-mobile-layout-row kt-row-valign-top\">\n<style>.kadence-column1694_4ff36f-d9 > .kt-inside-inner-col,.kadence-column1694_4ff36f-d9 > .kt-inside-inner-col:before{border-top-left-radius:0px;border-top-right-radius:0px;border-bottom-right-radius:0px;border-bottom-left-radius:0px;}.kadence-column1694_4ff36f-d9 > .kt-inside-inner-col{column-gap:var(--global-kb-gap-sm, 1rem);}.kadence-column1694_4ff36f-d9 > .kt-inside-inner-col{flex-direction:column;}.kadence-column1694_4ff36f-d9 > .kt-inside-inner-col > .aligncenter{width:100%;}.kadence-column1694_4ff36f-d9 > .kt-inside-inner-col:before{opacity:0.3;}.kadence-column1694_4ff36f-d9{position:relative;}@media all and (max-width: 1024px){.kadence-column1694_4ff36f-d9 > .kt-inside-inner-col{flex-direction:column;}}@media all and (max-width: 767px){.kadence-column1694_4ff36f-d9 > .kt-inside-inner-col{flex-direction:column;}}<\/style>\n<div class=\"wp-block-kadence-column kadence-column1694_4ff36f-d9\"><div class=\"kt-inside-inner-col\">\n<p>En <strong>INSECTICIDAS ONUBENSES, SL (INSO, SL)<\/strong> nos comprometemos a ofrecer productos y servicios de la m\u00e1s alta calidad en el \u00e1mbito de la distribuci\u00f3n de productos fitosanitarios y el control y prevenci\u00f3n de plagas. Nuestra pol\u00edtica de calidad se basa en<br>la satisfacci\u00f3n total de nuestros clientes, asegurando el cumplimiento de la normativa vigente y la aplicaci\u00f3n de soluciones eficaces, seguras y sostenibles.<br><br>Para ello, trabajamos en la mejora continua de nuestro <strong>Sistema de Gesti\u00f3n de Calidad<\/strong>, con el objetivo de optimizar procesos, minimizar incidencias y garantizar el cumplimiento de los requisitos legales, normativos y ambientales aplicables.<\/p>\n\n\n\n<p>Nuestros principales compromisos y objetivos en materia de calidad son:<\/p>\n<\/div><\/div>\n\n<\/div><\/div>\n\n\n<ul class=\"wp-block-list\">\n<li><strong>Optimizaci\u00f3n de los procesos de distribuci\u00f3n de productos fitosanitarios<\/strong>, garantizando su eficacia y seguridad.<\/li>\n\n\n\n<li><strong>Mejora continua en los servicios de desinfecci\u00f3n de suelos<\/strong>, eligiendo las mejores soluciones para cada caso y utilizando m\u00e9todos respetuosos con el medio ambiente.<\/li>\n\n\n\n<li><strong>Fomento del uso de productos y procesos sostenibles<\/strong>, contribuyendo a la protecci\u00f3n del entorno.<\/li>\n\n\n\n<li><strong>Prestaci\u00f3n de servicios DDD (Desinfecci\u00f3n, Desinsectaci\u00f3n y Desratizaci\u00f3n)<\/strong> conforme a la normativa vigente, garantizando la seguridad y efectividad de nuestras actuaciones.<\/li>\n\n\n\n<li><strong>Compromiso con el cumplimiento de plazos de entrega y ejecuci\u00f3n<\/strong>, asegurando la confianza y fidelizaci\u00f3n de nuestros clientes.<\/li>\n\n\n\n<li><strong>Reducci\u00f3n de incidencias y gesti\u00f3n eficaz de las quejas y sugerencias<\/strong>, con el fin de mejorar nuestra operativa y servicio.<\/li>\n\n\n\n<li><strong>Maximizaci\u00f3n de la satisfacci\u00f3n del cliente<\/strong>, asegurando una atenci\u00f3n profesional, eficiente y orientada a sus necesidades.<\/li>\n<\/ul>\n\n\n\n<p>Esta pol\u00edtica es comprendida, aplicada y mantenida al d\u00eda en todos los niveles de la organizaci\u00f3n. Adem\u00e1s, es revisada peri\u00f3dicamente para garantizar su continua adecuaci\u00f3n y mejora.<br><\/p>\n\n\n\n<p><strong>Direcci\u00f3n de INSO, SL<\/strong><\/p>\n\n\n\n<p><\/p>","protected":false},"excerpt":{"rendered":"<p>Pol\u00edtica de Calidad En INSECTICIDAS ONUBENSES, SL (INSO, SL) nos comprometemos a ofrecer productos y servicios de la m\u00e1s alta calidad en el \u00e1mbito de la distribuci\u00f3n de productos fitosanitarios y el control y prevenci\u00f3n de plagas. Nuestra pol\u00edtica de calidad se basa enla satisfacci\u00f3n total de nuestros clientes, asegurando el cumplimiento de la normativa&#8230;<\/p>","protected":false},"author":1,"featured_media":0,"parent":0,"menu_order":0,"comment_status":"closed","ping_status":"closed","template":"","meta":{"_kadence_starter_templates_imported_post":false,"_kad_post_transparent":"","_kad_post_title":"","_kad_post_layout":"","_kad_post_sidebar_id":"","_kad_post_content_style":"","_kad_post_vertical_padding":"","_kad_post_feature":"","_kad_post_feature_position":"","_kad_post_header":false,"_kad_post_footer":false,"footnotes":""},"class_list":["post-1694","page","type-page","status-publish","hentry"],"_links":{"self":[{"href":"https:\/\/insosl.com\/en\/wp-json\/wp\/v2\/pages\/1694","targetHints":{"allow":["GET"]}}],"collection":[{"href":"https:\/\/insosl.com\/en\/wp-json\/wp\/v2\/pages"}],"about":[{"href":"https:\/\/insosl.com\/en\/wp-json\/wp\/v2\/types\/page"}],"author":[{"embeddable":true,"href":"https:\/\/insosl.com\/en\/wp-json\/wp\/v2\/users\/1"}],"replies":[{"embeddable":true,"href":"https:\/\/insosl.com\/en\/wp-json\/wp\/v2\/comments?post=1694"}],"version-history":[{"count":3,"href":"https:\/\/insosl.com\/en\/wp-json\/wp\/v2\/pages\/1694\/revisions"}],"predecessor-version":[{"id":1987,"href":"https:\/\/insosl.com\/en\/wp-json\/wp\/v2\/pages\/1694\/revisions\/1987"}],"wp:attachment":[{"href":"https:\/\/insosl.com\/en\/wp-json\/wp\/v2\/media?parent=1694"}],"curies":[{"name":"wp","href":"https:\/\/api.w.org\/{rel}","templated":true}]}}