{"id":1712,"date":"2024-01-15T13:31:50","date_gmt":"2024-01-15T12:31:50","guid":{"rendered":"https:\/\/insosl.com\/?page_id=1712"},"modified":"2024-02-01T18:39:34","modified_gmt":"2024-02-01T17:39:34","slug":"tratamientos-de-suelos","status":"publish","type":"page","link":"https:\/\/insosl.com\/en\/tratamientos-de-suelos\/","title":{"rendered":"Tratamientos de Suelos"},"content":{"rendered":"<style>.wp-block-kadence-advancedheading.kt-adv-heading1712_5eea15-bf, .wp-block-kadence-advancedheading.kt-adv-heading1712_5eea15-bf[data-kb-block=\"kb-adv-heading1712_5eea15-bf\"]{font-style:normal;}.wp-block-kadence-advancedheading.kt-adv-heading1712_5eea15-bf mark.kt-highlight, .wp-block-kadence-advancedheading.kt-adv-heading1712_5eea15-bf[data-kb-block=\"kb-adv-heading1712_5eea15-bf\"] mark.kt-highlight{font-style:normal;color:#f76a0c;-webkit-box-decoration-break:clone;box-decoration-break:clone;padding-top:0px;padding-right:0px;padding-bottom:0px;padding-left:0px;}<\/style>\n<h2 class=\"kt-adv-heading1712_5eea15-bf wp-block-kadence-advancedheading\" data-kb-block=\"kb-adv-heading1712_5eea15-bf\">Tratamientos de Suelos<\/h2>\n\n\n<style>.kb-row-layout-id1712_609234-fa > .kt-row-column-wrap{align-content:start;}:where(.kb-row-layout-id1712_609234-fa > .kt-row-column-wrap) > .wp-block-kadence-column{justify-content:start;}.kb-row-layout-id1712_609234-fa > .kt-row-column-wrap{column-gap:var(--global-kb-gap-md, 2rem);row-gap:var(--global-kb-gap-md, 2rem);padding-top:var(--global-kb-spacing-sm, 1.5rem);padding-bottom:var(--global-kb-spacing-sm, 1.5rem);grid-template-columns:repeat(2, minmax(0, 1fr));}.kb-row-layout-id1712_609234-fa > .kt-row-layout-overlay{opacity:0.30;}@media all and (max-width: 1024px){.kb-row-layout-id1712_609234-fa > .kt-row-column-wrap{grid-template-columns:repeat(2, minmax(0, 1fr));}}@media all and (max-width: 767px){.kb-row-layout-id1712_609234-fa > .kt-row-column-wrap{grid-template-columns:minmax(0, 1fr);}}<\/style><div class=\"kb-row-layout-wrap kb-row-layout-id1712_609234-fa alignnone wp-block-kadence-rowlayout\"><div class=\"kt-row-column-wrap kt-has-2-columns kt-row-layout-equal kt-tab-layout-inherit kt-mobile-layout-row kt-row-valign-top\">\n<style>.kadence-column1712_5ace4d-ff > .kt-inside-inner-col,.kadence-column1712_5ace4d-ff > .kt-inside-inner-col:before{border-top-left-radius:0px;border-top-right-radius:0px;border-bottom-right-radius:0px;border-bottom-left-radius:0px;}.kadence-column1712_5ace4d-ff > .kt-inside-inner-col{column-gap:var(--global-kb-gap-sm, 1rem);}.kadence-column1712_5ace4d-ff > .kt-inside-inner-col{flex-direction:column;}.kadence-column1712_5ace4d-ff > .kt-inside-inner-col > .aligncenter{width:100%;}.kadence-column1712_5ace4d-ff > .kt-inside-inner-col:before{opacity:0.3;}.kadence-column1712_5ace4d-ff{position:relative;}@media all and (max-width: 1024px){.kadence-column1712_5ace4d-ff > .kt-inside-inner-col{flex-direction:column;}}@media all and (max-width: 767px){.kadence-column1712_5ace4d-ff > .kt-inside-inner-col{flex-direction:column;}}<\/style>\n<div class=\"wp-block-kadence-column kadence-column1712_5ace4d-ff\"><div class=\"kt-inside-inner-col\"><style>.kb-image1712_07494b-a6 .kb-image-has-overlay:after{opacity:0.3;}<\/style>\n<figure class=\"wp-block-kadence-image kb-image1712_07494b-a6 size-large\"><img loading=\"lazy\" decoding=\"async\" width=\"1024\" height=\"1024\" src=\"http:\/\/insosl.com\/wp-content\/uploads\/2024\/02\/BIENVENIDA-RRSS-1024x1024.jpg\" alt=\"\" class=\"kb-img wp-image-1913\" srcset=\"https:\/\/insosl.com\/wp-content\/uploads\/2024\/02\/BIENVENIDA-RRSS-1024x1024.jpg 1024w, https:\/\/insosl.com\/wp-content\/uploads\/2024\/02\/BIENVENIDA-RRSS-300x300.jpg 300w, https:\/\/insosl.com\/wp-content\/uploads\/2024\/02\/BIENVENIDA-RRSS-150x150.jpg 150w, https:\/\/insosl.com\/wp-content\/uploads\/2024\/02\/BIENVENIDA-RRSS-768x768.jpg 768w, https:\/\/insosl.com\/wp-content\/uploads\/2024\/02\/BIENVENIDA-RRSS.jpg 1080w\" sizes=\"auto, (max-width: 1024px) 100vw, 1024px\" \/><\/figure>\n<\/div><\/div>\n\n\n<style>.kadence-column1712_63c2bc-0c > .kt-inside-inner-col{display:flex;}.kadence-column1712_63c2bc-0c > .kt-inside-inner-col,.kadence-column1712_63c2bc-0c > .kt-inside-inner-col:before{border-top-left-radius:0px;border-top-right-radius:0px;border-bottom-right-radius:0px;border-bottom-left-radius:0px;}.kadence-column1712_63c2bc-0c > .kt-inside-inner-col{column-gap:var(--global-kb-gap-sm, 1rem);}.kadence-column1712_63c2bc-0c > .kt-inside-inner-col{flex-direction:column;justify-content:center;}.kadence-column1712_63c2bc-0c > .kt-inside-inner-col > .aligncenter{width:100%;}.kt-row-column-wrap > .kadence-column1712_63c2bc-0c{align-self:center;}.kt-inner-column-height-full:not(.kt-has-1-columns) > .wp-block-kadence-column.kadence-column1712_63c2bc-0c{align-self:auto;}.kt-inner-column-height-full:not(.kt-has-1-columns) > .wp-block-kadence-column.kadence-column1712_63c2bc-0c > .kt-inside-inner-col{flex-direction:column;justify-content:center;}.kadence-column1712_63c2bc-0c > .kt-inside-inner-col:before{opacity:0.3;}.kadence-column1712_63c2bc-0c{position:relative;}@media all and (max-width: 1024px){.kt-row-column-wrap > .kadence-column1712_63c2bc-0c{align-self:center;}}@media all and (max-width: 1024px){.kt-inner-column-height-full:not(.kt-has-1-columns) > .wp-block-kadence-column.kadence-column1712_63c2bc-0c{align-self:auto;}}@media all and (max-width: 1024px){.kt-inner-column-height-full:not(.kt-has-1-columns) > .wp-block-kadence-column.kadence-column1712_63c2bc-0c > .kt-inside-inner-col{flex-direction:column;justify-content:center;}}@media all and (max-width: 1024px){.kadence-column1712_63c2bc-0c > .kt-inside-inner-col{flex-direction:column;}}@media all and (max-width: 767px){.kt-row-column-wrap > .kadence-column1712_63c2bc-0c{align-self:center;}.kt-inner-column-height-full:not(.kt-has-1-columns) > .wp-block-kadence-column.kadence-column1712_63c2bc-0c{align-self:auto;}.kt-inner-column-height-full:not(.kt-has-1-columns) > .wp-block-kadence-column.kadence-column1712_63c2bc-0c > .kt-inside-inner-col{flex-direction:column;justify-content:center;}.kadence-column1712_63c2bc-0c > .kt-inside-inner-col{flex-direction:column;}}<\/style>\n<div class=\"wp-block-kadence-column kadence-column1712_63c2bc-0c\"><div class=\"kt-inside-inner-col\">\n<p class=\"has-text-align-left\">Insecticidas Onubenses realiza aplicaciones desde el a\u00f1o 2000.<br>Somos empresa aplicadora de desinfecci\u00f3n de suelos, autorizada por la Conserjer\u00eda de Agricultura, Pesca, Agua y Desarrollo Rural, cumpliendo con toda la normativa vigente.<\/p>\n\n\n\n<p class=\"has-text-align-left\"><br>Tambi\u00e9n contamos con un personal espec\u00edfico cualificado para las aplicaciones, buscando con ellas mantener un suelo sano donde se implanten y desarrollen los cultivos con la<br>mejor eficacia.<\/p>\n\n\n\n<p class=\"has-text-align-left\"><br>Actualmente la aplicaci\u00f3n la realizamos con productos autorizados excepcionalmente, por<br>ello estamos a la espera de nuevas directrices para esta campa\u00f1a.<\/p>\n<\/div><\/div>\n\n<\/div><\/div>","protected":false},"excerpt":{"rendered":"<p>Tratamientos de Suelos Insecticidas Onubenses realiza aplicaciones desde el a\u00f1o 2000.Somos empresa aplicadora de desinfecci\u00f3n de suelos, autorizada por la Conserjer\u00eda de Agricultura, Pesca, Agua y Desarrollo Rural, cumpliendo con toda la normativa vigente. Tambi\u00e9n contamos con un personal espec\u00edfico cualificado para las aplicaciones, buscando con ellas mantener un suelo sano donde se implanten y&#8230;<\/p>","protected":false},"author":1,"featured_media":0,"parent":0,"menu_order":0,"comment_status":"closed","ping_status":"closed","template":"","meta":{"_kadence_starter_templates_imported_post":false,"_kad_post_transparent":"","_kad_post_title":"","_kad_post_layout":"","_kad_post_sidebar_id":"","_kad_post_content_style":"","_kad_post_vertical_padding":"","_kad_post_feature":"","_kad_post_feature_position":"","_kad_post_header":false,"_kad_post_footer":false,"footnotes":""},"class_list":["post-1712","page","type-page","status-publish","hentry"],"_links":{"self":[{"href":"https:\/\/insosl.com\/en\/wp-json\/wp\/v2\/pages\/1712","targetHints":{"allow":["GET"]}}],"collection":[{"href":"https:\/\/insosl.com\/en\/wp-json\/wp\/v2\/pages"}],"about":[{"href":"https:\/\/insosl.com\/en\/wp-json\/wp\/v2\/types\/page"}],"author":[{"embeddable":true,"href":"https:\/\/insosl.com\/en\/wp-json\/wp\/v2\/users\/1"}],"replies":[{"embeddable":true,"href":"https:\/\/insosl.com\/en\/wp-json\/wp\/v2\/comments?post=1712"}],"version-history":[{"count":4,"href":"https:\/\/insosl.com\/en\/wp-json\/wp\/v2\/pages\/1712\/revisions"}],"predecessor-version":[{"id":1915,"href":"https:\/\/insosl.com\/en\/wp-json\/wp\/v2\/pages\/1712\/revisions\/1915"}],"wp:attachment":[{"href":"https:\/\/insosl.com\/en\/wp-json\/wp\/v2\/media?parent=1712"}],"curies":[{"name":"wp","href":"https:\/\/api.w.org\/{rel}","templated":true}]}}